{"id":118,"date":"2020-05-12T09:38:04","date_gmt":"2020-05-12T09:38:04","guid":{"rendered":"http:\/\/vsbruck-fischamenderstrasse.ac.at\/?page_id=118"},"modified":"2025-03-12T13:21:46","modified_gmt":"2025-03-12T13:21:46","slug":"nachmittagsbetreuung","status":"publish","type":"page","link":"https:\/\/vsbruck-fischamenderstrasse.ac.at\/?page_id=118","title":{"rendered":"Nachmittagsbetreuung"},"content":{"rendered":"\t\t<div data-elementor-type=\"wp-page\" data-elementor-id=\"118\" class=\"elementor elementor-118\">\n\t\t\t\t\t\t\t\t\t<section class=\"elementor-section elementor-top-section elementor-element elementor-element-528076f elementor-section-boxed elementor-section-height-default elementor-section-height-default\" data-id=\"528076f\" data-element_type=\"section\">\n\t\t\t\t\t\t<div class=\"elementor-container elementor-column-gap-default\">\n\t\t\t\t\t<div class=\"elementor-column elementor-col-100 elementor-top-column elementor-element elementor-element-d5ca75e\" data-id=\"d5ca75e\" data-element_type=\"column\">\n\t\t\t<div class=\"elementor-widget-wrap elementor-element-populated\">\n\t\t\t\t\t\t\t\t<div class=\"elementor-element elementor-element-6cfd939 elementor-widget elementor-widget-spacer\" data-id=\"6cfd939\" data-element_type=\"widget\" data-widget_type=\"spacer.default\">\n\t\t\t\t<div class=\"elementor-widget-container\">\n\t\t\t\t\t<div class=\"elementor-spacer\">\n\t\t\t<div class=\"elementor-spacer-inner\"><\/div>\n\t\t<\/div>\n\t\t\t\t<\/div>\n\t\t\t\t<\/div>\n\t\t\t\t\t<\/div>\n\t\t<\/div>\n\t\t\t\t\t\t\t<\/div>\n\t\t<\/section>\n\t\t\t\t<section class=\"elementor-section elementor-top-section elementor-element elementor-element-29344c6 elementor-section-boxed elementor-section-height-default elementor-section-height-default\" data-id=\"29344c6\" data-element_type=\"section\">\n\t\t\t\t\t\t<div class=\"elementor-container elementor-column-gap-default\">\n\t\t\t\t\t<div class=\"elementor-column elementor-col-66 elementor-top-column elementor-element elementor-element-11e44c7\" data-id=\"11e44c7\" data-element_type=\"column\">\n\t\t\t<div class=\"elementor-widget-wrap elementor-element-populated\">\n\t\t\t\t\t\t\t\t<div class=\"elementor-element elementor-element-5c4eb38 elementor-widget elementor-widget-text-editor\" data-id=\"5c4eb38\" data-element_type=\"widget\" data-widget_type=\"text-editor.default\">\n\t\t\t\t<div class=\"elementor-widget-container\">\n\t\t\t\t\t\t\t<p>Seit dem Schuljahr 2013\/14 bietet die Organisation N\u00d6-Volkshilfe\/ Service Mensch GmbH in Zusammenarbeit mit der Stadtgemeinde Bruck\/Leitha als Schulerhalter in der Volksschule Fischamender Stra\u00dfe eine schulische Nachmittagsbetreuung (SNB) f\u00fcr die Sch\u00fclerinnen und Sch\u00fcler der VS an. Der Besuch ist freiwillig.<\/p><p>Anbei informieren wir Sie \u00fcber die \u00d6ffnungszeiten, die Kosten und den Ablauf. (Stand: Mai 2016)<\/p><p><strong>1.Betreuungszeiten<\/strong><\/p><p>Die schulische Nachmittagsbetreuung findet von Montag bis Freitag von 10.30 Uhr bis sp\u00e4testens 18.00 Uhr statt. Sie haben die M\u00f6glichkeit Ihr Kind f\u00fcr 5,4,3 Tage in der Woche zur Nachmittagsbetreuung anzumelden.<\/p><p><strong>2.Kosten f\u00fcr die Betreuung<\/strong><\/p><p>Die Betreuungsvereinbarung wird zwischen Eltern und der Organisation der N\u00d6 Volkshilfe abgeschlossen.<\/p><p>F\u00fcr die Inanspruchnahme der Nachmittagsbetreuung ist 10x j\u00e4hrlich (September &#8211; Juni) folgender Betrag zu leisten:<\/p><p>f\u00fcr 5 Tage\/Woche: 12<span style=\"font-size: 19px; color: var( --e-global-color-text ); letter-spacing: 0.2px;\">0\u20ac\/Monat<\/span><\/p><p>f\u00fcr 4 Tage\/Woche: 96\u20ac\/Monat<\/p><p>f\u00fcr 3 Tage\/Woche: 72\u20ac\/Monat<\/p><p>Eine Aufstockung der Betreuungsvereinbarung (Anzahl der Betreuungstage) ist zu Monatsende m\u00f6glich, eine Reduktion kann nur vier Wochen vor Ende des ersten Semesters erfolgen.<\/p><p>Dar\u00fcber hinaus wird ein Besch\u00e4ftigungsbeitrag von:<\/p><p>f\u00fcr 5 Tage\/Woche: 10\u20ac\/Monat<\/p><p>f\u00fcr 4 Tage\/Woche: 8\u20ac\/Monat<\/p><p>f\u00fcr 3 Tage\/Woche: 6\u20ac\/Monat<\/p><p>eingehoben. Die Bezahlung erfolgt durch einen Einziehungsauftrag bis Mitte des Folgemonats. (\u00c4nderungen vorbehalten!)<\/p><p><strong>3.Mittagessen<\/strong><\/p><p>Alle Kinder der Nachmittagsbetreuung bekommen ein warmes, zweig\u00e4ngiges Mittagessen (Suppe und Hauptspeise) und eine Nachmittagsjause, welches von Netzl*s Heuriger an die Schule geliefert wird. Die Kosten hierf\u00fcr betragen 5,50\u20ac\/Tag. Getr\u00e4nke sind im Men\u00fcpreis nicht enthalten. Der Essensbeitrag wird monatlich zusammen mit dem Betreuungsbeitrag verrechnet. (\u00c4nderungen vorbehalten!)<\/p><p><strong>4.Gestaltung<\/strong><\/p><p>Die Kinder haben Essenszeit, eine gegenstandsbezogene oder individuelle Lernzeit und eine gelenkte Freizeit.<\/p><p>In der gegenstandsbezogenen Lernzeit (Hausaufgabenbetreuung) wird konkret f\u00fcr den Unterricht gearbeitet. Die Lehrerinnen der VS n\u00fctzen die 50 Minuten &#8211; Einheit daf\u00fcr, die Sch\u00fclerInnen bei ihren Hausaufgaben und Lernt\u00e4tigkeiten zu unterst\u00fctzen.<\/p><p>Die gelenkte Freizeit sollen die Kinder gemeinsam mit Spiel und kreativer T\u00e4tigkeit verbringen. PC, Handy und Gameboy werden w\u00e4hrend der gelenkten Freizeit nicht eingesetzt.<\/p><p>W\u00e4hrend der gelenkten Freizeit werden die Kinder vom Team der SNB zu einer sinnvollen Freizeitgestaltung &#8211; zu sportlichen, sozialen und kreativen Aktivit\u00e4ten &#8211; angeleitet und betreut. Gesellschaftsspiele, B\u00fccher, Mal- und Bastelsachen stehen daf\u00fcr zur Verf\u00fcgung. Dar\u00fcber hinaus k\u00f6nnen die r\u00e4umlichen Ressourcen der Schule (Turnsaal, Werkr\u00e4ume, Bibliothek, Medienraum) genutzt werden.<\/p><p><strong>5.Absenzen<\/strong><\/p><p>Kommt Ihr Kind nicht in die schulische Nachmittagsbetreuung so muss dies im Team der SNB gemeldet werden. Nur so kann die Aufsichtspflicht erf\u00fcllt werden!<\/p><p>Das gilt auch bei Krankmeldungen. Eine SMS oder Nachricht auf der Mailbox gen\u00fcgt. Bei einer krankheitsbedingten Fehlzeit von durchgehend 4 Wochen kann das Betreuungsgeld nach Vorlage der Best\u00e4tigung gutgeschrieben werden.<\/p><p><strong>6.Betreuung an schulfreien Tagen<\/strong><\/p><p>An schulautonomen Tagen und in den Ferien (au\u00dfer Weihnachten und 2 Wochen im Sommer) wird die Betreuung am Standort SNB Fischamender Stra\u00dfe von 7.00 bis 17.00 Uhr angeboten. Die Kosten betragen daf\u00fcr 14\u20ac\/Tag (zuz\u00fcglich Essensbeitr\u00e4ge), wobei die Anmeldung in den Ferien f\u00fcr mind. 2 Tage in der Woche erfolgen muss. (\u00c4nderungen vorbehalten!)<\/p><p><strong>Sommerferien<\/strong><\/p><p>In den Sommermonaten Juli und August ist die Anmeldung nur wochenweise buchbar. Die Kosten betragen daf\u00fcr 70\u20ac\/Woche (zuz\u00fcglich Essensbeitr\u00e4ge).<em> \u00c4nderungen vorbehalten!<\/em><\/p><p><strong>7.Betreuung<\/strong><\/p><p>In der gelenkten Freizeit werden die Kinder vom SNB-Team betreut. Sie sind unter der Tel.Nr.: 0676\/8700 28940 erreichbar.<\/p><p>Sollten Sie Fragen oder Anregungen haben, so bitte ich Sie um pers\u00f6nliche Kontaktaufnahme mit Herrn Felix Eichinger.<\/p><p>F\u00fcr die Anmeldung oder Fragen melden Sie sich bitte ebenfalls bei Herrn<\/p><p>Felix Eichinger<\/p><p>SNB VSF<\/p><p>Fischamender Stra\u00dfe 48<\/p><p>2460 Bruck\/Leitha<\/p><p><strong>Tel: 0676\/8700 28940 (10.30-18.00)<\/strong><\/p>\t\t\t\t\t\t<\/div>\n\t\t\t\t<\/div>\n\t\t\t\t\t<\/div>\n\t\t<\/div>\n\t\t\t\t<div class=\"elementor-column elementor-col-33 elementor-top-column elementor-element elementor-element-b8fdcd2\" data-id=\"b8fdcd2\" data-element_type=\"column\">\n\t\t\t<div class=\"elementor-widget-wrap elementor-element-populated\">\n\t\t\t\t\t\t\t\t<div class=\"elementor-element elementor-element-b50fab5 elementor-widget elementor-widget-text-editor\" data-id=\"b50fab5\" data-element_type=\"widget\" data-widget_type=\"text-editor.default\">\n\t\t\t\t<div class=\"elementor-widget-container\">\n\t\t\t\t\t\t\t<h1>Das Gesunde Kinderhaus &#8211; unsere SNB Projekte 2023<\/h1><p>Hier finden Sie alle aktuellen Informationen zu unseren Projekten:<\/p><p><a href=\"http:\/\/vsbruck-fischamenderstrasse.ac.at\/wp-content\/uploads\/2023\/09\/IMG_8290.pdf\">Das gesunde Kinderhaus 2023<\/a><\/p><p>ARCHIV:<\/p><p>\u00a0<\/p><p><a href=\"http:\/\/vsbruck-fischamenderstrasse.ac.at\/wp-content\/uploads\/2021\/05\/Gesundes-Kinderhaus-2021.pdf\">Gesundes Kinderhaus 2021<\/a><\/p><p><a href=\"http:\/\/vsbruck-fischamenderstrasse.ac.at\/wp-content\/uploads\/2020\/08\/Gesundes-KH-2020_II..pdf\">Gesundes KH 2020_II.<\/a><\/p>\t\t\t\t\t\t<\/div>\n\t\t\t\t<\/div>\n\t\t\t\t<div class=\"elementor-element elementor-element-dc3b08f elementor-widget elementor-widget-image\" data-id=\"dc3b08f\" data-element_type=\"widget\" data-widget_type=\"image.default\">\n\t\t\t\t<div class=\"elementor-widget-container\">\n\t\t\t\t\t\t\t\t\t\t\t\t\t\t\t<img fetchpriority=\"high\" decoding=\"async\" width=\"768\" height=\"736\" src=\"https:\/\/vsbruck-fischamenderstrasse.ac.at\/wp-content\/uploads\/2023\/09\/Bildschirmfoto-2023-09-03-um-18.12.21-768x736.png\" class=\"attachment-medium_large size-medium_large wp-image-1160\" alt=\"\" srcset=\"https:\/\/vsbruck-fischamenderstrasse.ac.at\/wp-content\/uploads\/2023\/09\/Bildschirmfoto-2023-09-03-um-18.12.21-768x736.png 768w, https:\/\/vsbruck-fischamenderstrasse.ac.at\/wp-content\/uploads\/2023\/09\/Bildschirmfoto-2023-09-03-um-18.12.21-300x287.png 300w, https:\/\/vsbruck-fischamenderstrasse.ac.at\/wp-content\/uploads\/2023\/09\/Bildschirmfoto-2023-09-03-um-18.12.21-1024x981.png 1024w, https:\/\/vsbruck-fischamenderstrasse.ac.at\/wp-content\/uploads\/2023\/09\/Bildschirmfoto-2023-09-03-um-18.12.21.png 1438w\" sizes=\"(max-width: 768px) 100vw, 768px\" \/>\t\t\t\t\t\t\t\t\t\t\t\t\t\t\t<\/div>\n\t\t\t\t<\/div>\n\t\t\t\t\t<\/div>\n\t\t<\/div>\n\t\t\t\t\t\t\t<\/div>\n\t\t<\/section>\n\t\t\t\t\t\t\t<\/div>\n\t\t","protected":false},"excerpt":{"rendered":"<p>Seit dem Schuljahr 2013\/14 bietet die Organisation N\u00d6-Volkshilfe\/ Service Mensch GmbH in Zusammenarbeit mit der Stadtgemeinde Bruck\/Leitha als Schulerhalter in der Volksschule Fischamender Stra\u00dfe eine schulische Nachmittagsbetreuung (SNB) f\u00fcr die Sch\u00fclerinnen und Sch\u00fcler der VS an. Der Besuch ist freiwillig. Anbei informieren wir Sie \u00fcber die \u00d6ffnungszeiten, die Kosten und den Ablauf. (Stand: Mai 2016) [&hellip;]<\/p>\n","protected":false},"author":2,"featured_media":0,"parent":0,"menu_order":0,"comment_status":"closed","ping_status":"closed","template":"","meta":{"ocean_post_layout":"full-screen","ocean_both_sidebars_style":"","ocean_both_sidebars_content_width":0,"ocean_both_sidebars_sidebars_width":0,"ocean_sidebar":"0","ocean_second_sidebar":"0","ocean_disable_margins":"enable","ocean_add_body_class":"","ocean_shortcode_before_top_bar":"","ocean_shortcode_after_top_bar":"","ocean_shortcode_before_header":"","ocean_shortcode_after_header":"","ocean_has_shortcode":"","ocean_shortcode_after_title":"","ocean_shortcode_before_footer_widgets":"","ocean_shortcode_after_footer_widgets":"","ocean_shortcode_before_footer_bottom":"","ocean_shortcode_after_footer_bottom":"","ocean_display_top_bar":"default","ocean_display_header":"default","ocean_header_style":"","ocean_center_header_left_menu":"0","ocean_custom_header_template":"0","ocean_custom_logo":0,"ocean_custom_retina_logo":0,"ocean_custom_logo_max_width":0,"ocean_custom_logo_tablet_max_width":0,"ocean_custom_logo_mobile_max_width":0,"ocean_custom_logo_max_height":0,"ocean_custom_logo_tablet_max_height":0,"ocean_custom_logo_mobile_max_height":0,"ocean_header_custom_menu":"0","ocean_menu_typo_font_family":"0","ocean_menu_typo_font_subset":"","ocean_menu_typo_font_size":0,"ocean_menu_typo_font_size_tablet":0,"ocean_menu_typo_font_size_mobile":0,"ocean_menu_typo_font_size_unit":"px","ocean_menu_typo_font_weight":"","ocean_menu_typo_font_weight_tablet":"","ocean_menu_typo_font_weight_mobile":"","ocean_menu_typo_transform":"","ocean_menu_typo_transform_tablet":"","ocean_menu_typo_transform_mobile":"","ocean_menu_typo_line_height":0,"ocean_menu_typo_line_height_tablet":0,"ocean_menu_typo_line_height_mobile":0,"ocean_menu_typo_line_height_unit":"","ocean_menu_typo_spacing":0,"ocean_menu_typo_spacing_tablet":0,"ocean_menu_typo_spacing_mobile":0,"ocean_menu_typo_spacing_unit":"","ocean_menu_link_color":"","ocean_menu_link_color_hover":"","ocean_menu_link_color_active":"","ocean_menu_link_background":"","ocean_menu_link_hover_background":"","ocean_menu_link_active_background":"","ocean_menu_social_links_bg":"","ocean_menu_social_hover_links_bg":"","ocean_menu_social_links_color":"","ocean_menu_social_hover_links_color":"","ocean_disable_title":"default","ocean_disable_heading":"default","ocean_post_title":"","ocean_post_subheading":"","ocean_post_title_style":"","ocean_post_title_background_color":"","ocean_post_title_background":0,"ocean_post_title_bg_image_position":"","ocean_post_title_bg_image_attachment":"","ocean_post_title_bg_image_repeat":"","ocean_post_title_bg_image_size":"","ocean_post_title_height":0,"ocean_post_title_bg_overlay":0.5,"ocean_post_title_bg_overlay_color":"","ocean_disable_breadcrumbs":"default","ocean_breadcrumbs_color":"","ocean_breadcrumbs_separator_color":"","ocean_breadcrumbs_links_color":"","ocean_breadcrumbs_links_hover_color":"","ocean_display_footer_widgets":"default","ocean_display_footer_bottom":"default","ocean_custom_footer_template":"0","footnotes":""},"class_list":["post-118","page","type-page","status-publish","hentry","entry"],"_links":{"self":[{"href":"https:\/\/vsbruck-fischamenderstrasse.ac.at\/index.php?rest_route=\/wp\/v2\/pages\/118"}],"collection":[{"href":"https:\/\/vsbruck-fischamenderstrasse.ac.at\/index.php?rest_route=\/wp\/v2\/pages"}],"about":[{"href":"https:\/\/vsbruck-fischamenderstrasse.ac.at\/index.php?rest_route=\/wp\/v2\/types\/page"}],"author":[{"embeddable":true,"href":"https:\/\/vsbruck-fischamenderstrasse.ac.at\/index.php?rest_route=\/wp\/v2\/users\/2"}],"replies":[{"embeddable":true,"href":"https:\/\/vsbruck-fischamenderstrasse.ac.at\/index.php?rest_route=%2Fwp%2Fv2%2Fcomments&post=118"}],"version-history":[{"count":31,"href":"https:\/\/vsbruck-fischamenderstrasse.ac.at\/index.php?rest_route=\/wp\/v2\/pages\/118\/revisions"}],"predecessor-version":[{"id":1380,"href":"https:\/\/vsbruck-fischamenderstrasse.ac.at\/index.php?rest_route=\/wp\/v2\/pages\/118\/revisions\/1380"}],"wp:attachment":[{"href":"https:\/\/vsbruck-fischamenderstrasse.ac.at\/index.php?rest_route=%2Fwp%2Fv2%2Fmedia&parent=118"}],"curies":[{"name":"wp","href":"https:\/\/api.w.org\/{rel}","templated":true}]}}