{"id":130,"date":"2020-05-12T09:42:28","date_gmt":"2020-05-12T09:42:28","guid":{"rendered":"http:\/\/vsbruck-fischamenderstrasse.ac.at\/?page_id=130"},"modified":"2025-11-10T08:12:31","modified_gmt":"2025-11-10T08:12:31","slug":"schwerpunkt-sport","status":"publish","type":"page","link":"https:\/\/vsbruck-fischamenderstrasse.ac.at\/?page_id=130","title":{"rendered":"Schwerpunkt Sport"},"content":{"rendered":"\t\t<div data-elementor-type=\"wp-page\" data-elementor-id=\"130\" class=\"elementor elementor-130\">\n\t\t\t\t\t\t\t\t\t<section class=\"elementor-section elementor-top-section elementor-element elementor-element-15bdc41 elementor-section-boxed elementor-section-height-default elementor-section-height-default\" data-id=\"15bdc41\" data-element_type=\"section\">\n\t\t\t\t\t\t<div class=\"elementor-container elementor-column-gap-default\">\n\t\t\t\t\t<div class=\"elementor-column elementor-col-100 elementor-top-column elementor-element elementor-element-da2fdee\" data-id=\"da2fdee\" data-element_type=\"column\">\n\t\t\t<div class=\"elementor-widget-wrap elementor-element-populated\">\n\t\t\t\t\t\t\t\t<div class=\"elementor-element elementor-element-cd1eca5 elementor-widget elementor-widget-text-editor\" data-id=\"cd1eca5\" data-element_type=\"widget\" data-widget_type=\"text-editor.default\">\n\t\t\t\t<div class=\"elementor-widget-container\">\n\t\t\t\t\t\t\t<p>Unser Ziel ist es,\u00a0mehr Bewegung in den Alltag unserer Sch\u00fclerInnen zu integrieren. Durch ein umfangreiches\u00a0Bewegungs- und Sportangebot an unserer Schule wird sowohl von den Klassenlehrerinnen, als auch von unseren KooperationspartnerInnen die motorische Entwicklung der Kinder gef\u00f6rdert und ein freudvolles Erleben diverser Sportarten erm\u00f6glicht.<\/p><p>Folgende KooperationspartnerInnen m\u00f6chten wir gerne vorstellen und uns f\u00fcr die jahrelange Unterst\u00fctzung bedanken:\u00a0<\/p>\t\t\t\t\t\t<\/div>\n\t\t\t\t<\/div>\n\t\t\t\t\t<\/div>\n\t\t<\/div>\n\t\t\t\t\t\t\t<\/div>\n\t\t<\/section>\n\t\t\t\t<section class=\"elementor-section elementor-top-section elementor-element elementor-element-cc2573a elementor-section-boxed elementor-section-height-default elementor-section-height-default\" data-id=\"cc2573a\" data-element_type=\"section\">\n\t\t\t\t\t\t<div class=\"elementor-container elementor-column-gap-default\">\n\t\t\t\t\t<div class=\"elementor-column elementor-col-33 elementor-top-column elementor-element elementor-element-85b8cb4\" data-id=\"85b8cb4\" data-element_type=\"column\">\n\t\t\t<div class=\"elementor-widget-wrap elementor-element-populated\">\n\t\t\t\t\t\t\t\t<div class=\"elementor-element elementor-element-60ac4f6 elementor-widget elementor-widget-image\" data-id=\"60ac4f6\" data-element_type=\"widget\" data-widget_type=\"image.default\">\n\t\t\t\t<div class=\"elementor-widget-container\">\n\t\t\t\t\t\t\t\t\t\t\t\t\t\t\t\t<a href=\"https:\/\/www.hsvbruck.com\" target=\"_blank\">\n\t\t\t\t\t\t\t<img fetchpriority=\"high\" decoding=\"async\" width=\"300\" height=\"213\" src=\"https:\/\/vsbruck-fischamenderstrasse.ac.at\/wp-content\/uploads\/2020\/08\/Bildschirmfoto-2020-08-31-um-19.04.09-300x213.png\" class=\"attachment-medium size-medium wp-image-351\" alt=\"\" srcset=\"https:\/\/vsbruck-fischamenderstrasse.ac.at\/wp-content\/uploads\/2020\/08\/Bildschirmfoto-2020-08-31-um-19.04.09-300x213.png 300w, https:\/\/vsbruck-fischamenderstrasse.ac.at\/wp-content\/uploads\/2020\/08\/Bildschirmfoto-2020-08-31-um-19.04.09.png 474w\" sizes=\"(max-width: 300px) 100vw, 300px\" \/>\t\t\t\t\t\t\t\t<\/a>\n\t\t\t\t\t\t\t\t\t\t\t\t\t\t\t<\/div>\n\t\t\t\t<\/div>\n\t\t\t\t\t<\/div>\n\t\t<\/div>\n\t\t\t\t<div class=\"elementor-column elementor-col-33 elementor-top-column elementor-element elementor-element-7827d8e\" data-id=\"7827d8e\" data-element_type=\"column\">\n\t\t\t<div class=\"elementor-widget-wrap elementor-element-populated\">\n\t\t\t\t\t\t\t\t<div class=\"elementor-element elementor-element-9000248 elementor-widget elementor-widget-image\" data-id=\"9000248\" data-element_type=\"widget\" data-widget_type=\"image.default\">\n\t\t\t\t<div class=\"elementor-widget-container\">\n\t\t\t\t\t\t\t\t\t\t\t\t\t\t\t\t<a href=\"https:\/\/bruck-leitha.sportunion.at\/start.php?contentID=6433&#038;v1=force\" target=\"_blank\">\n\t\t\t\t\t\t\t<img decoding=\"async\" width=\"226\" height=\"300\" src=\"https:\/\/vsbruck-fischamenderstrasse.ac.at\/wp-content\/uploads\/2020\/08\/Bildschirmfoto-2020-08-31-um-19.04.47-226x300.png\" class=\"attachment-medium size-medium wp-image-352\" alt=\"\" srcset=\"https:\/\/vsbruck-fischamenderstrasse.ac.at\/wp-content\/uploads\/2020\/08\/Bildschirmfoto-2020-08-31-um-19.04.47-226x300.png 226w, https:\/\/vsbruck-fischamenderstrasse.ac.at\/wp-content\/uploads\/2020\/08\/Bildschirmfoto-2020-08-31-um-19.04.47.png 270w\" sizes=\"(max-width: 226px) 100vw, 226px\" \/>\t\t\t\t\t\t\t\t<\/a>\n\t\t\t\t\t\t\t\t\t\t\t\t\t\t\t<\/div>\n\t\t\t\t<\/div>\n\t\t\t\t\t<\/div>\n\t\t<\/div>\n\t\t\t\t<div class=\"elementor-column elementor-col-33 elementor-top-column elementor-element elementor-element-88c415e\" data-id=\"88c415e\" data-element_type=\"column\">\n\t\t\t<div class=\"elementor-widget-wrap elementor-element-populated\">\n\t\t\t\t\t\t\t\t<div class=\"elementor-element elementor-element-dd34fb7 elementor-widget elementor-widget-image\" data-id=\"dd34fb7\" data-element_type=\"widget\" data-widget_type=\"image.default\">\n\t\t\t\t<div class=\"elementor-widget-container\">\n\t\t\t\t\t\t\t\t\t\t\t\t\t\t\t\t<a href=\"https:\/\/www.basketsports.org\" target=\"_blank\">\n\t\t\t\t\t\t\t<img decoding=\"async\" width=\"150\" height=\"93\" src=\"https:\/\/vsbruck-fischamenderstrasse.ac.at\/wp-content\/uploads\/2025\/11\/Foxes.png\" class=\"attachment-large size-large wp-image-1490\" alt=\"\" \/>\t\t\t\t\t\t\t\t<\/a>\n\t\t\t\t\t\t\t\t\t\t\t\t\t\t\t<\/div>\n\t\t\t\t<\/div>\n\t\t\t\t\t<\/div>\n\t\t<\/div>\n\t\t\t\t\t\t\t<\/div>\n\t\t<\/section>\n\t\t\t\t\t\t\t<\/div>\n\t\t","protected":false},"excerpt":{"rendered":"<p>Unser Ziel ist es,\u00a0mehr Bewegung in den Alltag unserer Sch\u00fclerInnen zu integrieren. Durch ein umfangreiches\u00a0Bewegungs- und Sportangebot an unserer Schule wird sowohl von den Klassenlehrerinnen, als auch von unseren KooperationspartnerInnen die motorische Entwicklung der Kinder gef\u00f6rdert und ein freudvolles Erleben diverser Sportarten erm\u00f6glicht. Folgende KooperationspartnerInnen m\u00f6chten wir gerne vorstellen und uns f\u00fcr die jahrelange Unterst\u00fctzung [&hellip;]<\/p>\n","protected":false},"author":2,"featured_media":0,"parent":0,"menu_order":0,"comment_status":"closed","ping_status":"closed","template":"","meta":{"ocean_post_layout":"full-screen","ocean_both_sidebars_style":"","ocean_both_sidebars_content_width":0,"ocean_both_sidebars_sidebars_width":0,"ocean_sidebar":"0","ocean_second_sidebar":"0","ocean_disable_margins":"enable","ocean_add_body_class":"","ocean_shortcode_before_top_bar":"","ocean_shortcode_after_top_bar":"","ocean_shortcode_before_header":"","ocean_shortcode_after_header":"","ocean_has_shortcode":"","ocean_shortcode_after_title":"","ocean_shortcode_before_footer_widgets":"","ocean_shortcode_after_footer_widgets":"","ocean_shortcode_before_footer_bottom":"","ocean_shortcode_after_footer_bottom":"","ocean_display_top_bar":"default","ocean_display_header":"default","ocean_header_style":"","ocean_center_header_left_menu":"0","ocean_custom_header_template":"0","ocean_custom_logo":0,"ocean_custom_retina_logo":0,"ocean_custom_logo_max_width":0,"ocean_custom_logo_tablet_max_width":0,"ocean_custom_logo_mobile_max_width":0,"ocean_custom_logo_max_height":0,"ocean_custom_logo_tablet_max_height":0,"ocean_custom_logo_mobile_max_height":0,"ocean_header_custom_menu":"0","ocean_menu_typo_font_family":"0","ocean_menu_typo_font_subset":"","ocean_menu_typo_font_size":0,"ocean_menu_typo_font_size_tablet":0,"ocean_menu_typo_font_size_mobile":0,"ocean_menu_typo_font_size_unit":"px","ocean_menu_typo_font_weight":"","ocean_menu_typo_font_weight_tablet":"","ocean_menu_typo_font_weight_mobile":"","ocean_menu_typo_transform":"","ocean_menu_typo_transform_tablet":"","ocean_menu_typo_transform_mobile":"","ocean_menu_typo_line_height":0,"ocean_menu_typo_line_height_tablet":0,"ocean_menu_typo_line_height_mobile":0,"ocean_menu_typo_line_height_unit":"","ocean_menu_typo_spacing":0,"ocean_menu_typo_spacing_tablet":0,"ocean_menu_typo_spacing_mobile":0,"ocean_menu_typo_spacing_unit":"","ocean_menu_link_color":"","ocean_menu_link_color_hover":"","ocean_menu_link_color_active":"","ocean_menu_link_background":"","ocean_menu_link_hover_background":"","ocean_menu_link_active_background":"","ocean_menu_social_links_bg":"","ocean_menu_social_hover_links_bg":"","ocean_menu_social_links_color":"","ocean_menu_social_hover_links_color":"","ocean_disable_title":"default","ocean_disable_heading":"default","ocean_post_title":"","ocean_post_subheading":"","ocean_post_title_style":"","ocean_post_title_background_color":"","ocean_post_title_background":0,"ocean_post_title_bg_image_position":"","ocean_post_title_bg_image_attachment":"","ocean_post_title_bg_image_repeat":"","ocean_post_title_bg_image_size":"","ocean_post_title_height":0,"ocean_post_title_bg_overlay":0.5,"ocean_post_title_bg_overlay_color":"","ocean_disable_breadcrumbs":"default","ocean_breadcrumbs_color":"","ocean_breadcrumbs_separator_color":"","ocean_breadcrumbs_links_color":"","ocean_breadcrumbs_links_hover_color":"","ocean_display_footer_widgets":"default","ocean_display_footer_bottom":"default","ocean_custom_footer_template":"0","footnotes":""},"class_list":["post-130","page","type-page","status-publish","hentry","entry"],"_links":{"self":[{"href":"https:\/\/vsbruck-fischamenderstrasse.ac.at\/index.php?rest_route=\/wp\/v2\/pages\/130"}],"collection":[{"href":"https:\/\/vsbruck-fischamenderstrasse.ac.at\/index.php?rest_route=\/wp\/v2\/pages"}],"about":[{"href":"https:\/\/vsbruck-fischamenderstrasse.ac.at\/index.php?rest_route=\/wp\/v2\/types\/page"}],"author":[{"embeddable":true,"href":"https:\/\/vsbruck-fischamenderstrasse.ac.at\/index.php?rest_route=\/wp\/v2\/users\/2"}],"replies":[{"embeddable":true,"href":"https:\/\/vsbruck-fischamenderstrasse.ac.at\/index.php?rest_route=%2Fwp%2Fv2%2Fcomments&post=130"}],"version-history":[{"count":9,"href":"https:\/\/vsbruck-fischamenderstrasse.ac.at\/index.php?rest_route=\/wp\/v2\/pages\/130\/revisions"}],"predecessor-version":[{"id":1493,"href":"https:\/\/vsbruck-fischamenderstrasse.ac.at\/index.php?rest_route=\/wp\/v2\/pages\/130\/revisions\/1493"}],"wp:attachment":[{"href":"https:\/\/vsbruck-fischamenderstrasse.ac.at\/index.php?rest_route=%2Fwp%2Fv2%2Fmedia&parent=130"}],"curies":[{"name":"wp","href":"https:\/\/api.w.org\/{rel}","templated":true}]}}