{"id":154,"date":"2020-05-12T16:04:36","date_gmt":"2020-05-12T16:04:36","guid":{"rendered":"http:\/\/vsbruck-fischamenderstrasse.ac.at\/?page_id=154"},"modified":"2020-09-01T14:05:13","modified_gmt":"2020-09-01T14:05:13","slug":"leitbild","status":"publish","type":"page","link":"https:\/\/vsbruck-fischamenderstrasse.ac.at\/?page_id=154","title":{"rendered":"Leitbild"},"content":{"rendered":"\t\t<div data-elementor-type=\"wp-page\" data-elementor-id=\"154\" class=\"elementor elementor-154\">\n\t\t\t\t\t\t\t\t\t<section class=\"elementor-section elementor-top-section elementor-element elementor-element-bc182fd elementor-section-boxed elementor-section-height-default elementor-section-height-default\" data-id=\"bc182fd\" data-element_type=\"section\">\n\t\t\t\t\t\t<div class=\"elementor-container elementor-column-gap-default\">\n\t\t\t\t\t<div class=\"elementor-column elementor-col-100 elementor-top-column elementor-element elementor-element-b8b50a3\" data-id=\"b8b50a3\" data-element_type=\"column\">\n\t\t\t<div class=\"elementor-widget-wrap elementor-element-populated\">\n\t\t\t\t\t\t\t\t<div class=\"elementor-element elementor-element-e14c03b elementor-widget elementor-widget-heading\" data-id=\"e14c03b\" data-element_type=\"widget\" data-widget_type=\"heading.default\">\n\t\t\t\t<div class=\"elementor-widget-container\">\n\t\t\t<h1 class=\"elementor-heading-title elementor-size-default\">Unsere Werte - was uns als Team ausmacht<\/h1>\t\t<\/div>\n\t\t\t\t<\/div>\n\t\t\t\t\t<\/div>\n\t\t<\/div>\n\t\t\t\t\t\t\t<\/div>\n\t\t<\/section>\n\t\t\t\t<section class=\"elementor-section elementor-top-section elementor-element elementor-element-4b00e6a elementor-section-boxed elementor-section-height-default elementor-section-height-default\" data-id=\"4b00e6a\" data-element_type=\"section\">\n\t\t\t\t\t\t<div class=\"elementor-container elementor-column-gap-default\">\n\t\t\t\t\t<div class=\"elementor-column elementor-col-25 elementor-top-column elementor-element elementor-element-bb5af7f\" data-id=\"bb5af7f\" data-element_type=\"column\">\n\t\t\t<div class=\"elementor-widget-wrap elementor-element-populated\">\n\t\t\t\t\t\t\t\t<div class=\"elementor-element elementor-element-e207d1b elementor-widget elementor-widget-text-editor\" data-id=\"e207d1b\" data-element_type=\"widget\" data-widget_type=\"text-editor.default\">\n\t\t\t\t<div class=\"elementor-widget-container\">\n\t\t\t\t\t\t\t<h1>Teamgeist<\/h1><p>Unser Team besteht aus motivierten und gut ausgebildeten P\u00e4dagoginnen, deren enge Zusammenarbeit einen qualitativ hochwertigen klassen\u00fcbergreifenden Unterricht erm\u00f6glicht<\/p><h1>Akzeptanz<\/h1><p>Wir akzeptieren einander in allen Lern- und Lebensbereichen, ungeachtet aller St\u00e4rken, Schw\u00e4chen sowie besonderer Bed\u00fcrfnisse.<\/p>\t\t\t\t\t\t<\/div>\n\t\t\t\t<\/div>\n\t\t\t\t\t<\/div>\n\t\t<\/div>\n\t\t\t\t<div class=\"elementor-column elementor-col-50 elementor-top-column elementor-element elementor-element-1cfcc5a\" data-id=\"1cfcc5a\" data-element_type=\"column\">\n\t\t\t<div class=\"elementor-widget-wrap elementor-element-populated\">\n\t\t\t\t\t\t\t\t<div class=\"elementor-element elementor-element-2c15ad0 elementor-widget elementor-widget-image\" data-id=\"2c15ad0\" data-element_type=\"widget\" data-widget_type=\"image.default\">\n\t\t\t\t<div class=\"elementor-widget-container\">\n\t\t\t\t\t\t\t\t\t\t\t\t\t\t\t<img fetchpriority=\"high\" decoding=\"async\" width=\"1600\" height=\"1079\" src=\"https:\/\/vsbruck-fischamenderstrasse.ac.at\/wp-content\/uploads\/2020\/05\/e07e3054-774e-4415-aec6-06558c415ef5.jpg\" class=\"attachment-full size-full wp-image-167\" alt=\"\" srcset=\"https:\/\/vsbruck-fischamenderstrasse.ac.at\/wp-content\/uploads\/2020\/05\/e07e3054-774e-4415-aec6-06558c415ef5.jpg 1600w, https:\/\/vsbruck-fischamenderstrasse.ac.at\/wp-content\/uploads\/2020\/05\/e07e3054-774e-4415-aec6-06558c415ef5-300x202.jpg 300w, https:\/\/vsbruck-fischamenderstrasse.ac.at\/wp-content\/uploads\/2020\/05\/e07e3054-774e-4415-aec6-06558c415ef5-1024x691.jpg 1024w, https:\/\/vsbruck-fischamenderstrasse.ac.at\/wp-content\/uploads\/2020\/05\/e07e3054-774e-4415-aec6-06558c415ef5-768x518.jpg 768w, https:\/\/vsbruck-fischamenderstrasse.ac.at\/wp-content\/uploads\/2020\/05\/e07e3054-774e-4415-aec6-06558c415ef5-1536x1036.jpg 1536w\" sizes=\"(max-width: 1600px) 100vw, 1600px\" \/>\t\t\t\t\t\t\t\t\t\t\t\t\t\t\t<\/div>\n\t\t\t\t<\/div>\n\t\t\t\t\t<\/div>\n\t\t<\/div>\n\t\t\t\t<div class=\"elementor-column elementor-col-25 elementor-top-column elementor-element elementor-element-5f16344\" data-id=\"5f16344\" data-element_type=\"column\">\n\t\t\t<div class=\"elementor-widget-wrap elementor-element-populated\">\n\t\t\t\t\t\t\t\t<div class=\"elementor-element elementor-element-ec6d15b elementor-widget elementor-widget-text-editor\" data-id=\"ec6d15b\" data-element_type=\"widget\" data-widget_type=\"text-editor.default\">\n\t\t\t\t<div class=\"elementor-widget-container\">\n\t\t\t\t\t\t\t<h1>Wertsch\u00e4tzung<\/h1><p>Das Potential unserer Sch\u00fclerinnen und Sch\u00fcler hat in unserer Schule einen hohen Stellenwert, weshalb deren individuellen Leistungen stets wertgesch\u00e4tzt werden.<\/p><h1>Vertrauen<\/h1><p>Wir vertrauen in die eigenen F\u00e4higkeiten unserer Sch\u00fclerinnen und Sch\u00fcler und unterst\u00fctzen sie, diese bestm\u00f6glich zu entfalten.<\/p><p>\u00a0<\/p>\t\t\t\t\t\t<\/div>\n\t\t\t\t<\/div>\n\t\t\t\t\t<\/div>\n\t\t<\/div>\n\t\t\t\t\t\t\t<\/div>\n\t\t<\/section>\n\t\t\t\t\t\t\t<\/div>\n\t\t","protected":false},"excerpt":{"rendered":"<p>Unsere Werte &#8211; was uns als Team ausmacht Teamgeist Unser Team besteht aus motivierten und gut ausgebildeten P\u00e4dagoginnen, deren enge Zusammenarbeit einen qualitativ hochwertigen klassen\u00fcbergreifenden Unterricht erm\u00f6glicht Akzeptanz Wir akzeptieren einander in allen Lern- und Lebensbereichen, ungeachtet aller St\u00e4rken, Schw\u00e4chen sowie besonderer Bed\u00fcrfnisse. Wertsch\u00e4tzung Das Potential unserer Sch\u00fclerinnen und Sch\u00fcler hat in unserer Schule einen [&hellip;]<\/p>\n","protected":false},"author":2,"featured_media":0,"parent":0,"menu_order":0,"comment_status":"closed","ping_status":"closed","template":"","meta":{"ocean_post_layout":"full-screen","ocean_both_sidebars_style":"","ocean_both_sidebars_content_width":0,"ocean_both_sidebars_sidebars_width":0,"ocean_sidebar":"0","ocean_second_sidebar":"0","ocean_disable_margins":"enable","ocean_add_body_class":"","ocean_shortcode_before_top_bar":"","ocean_shortcode_after_top_bar":"","ocean_shortcode_before_header":"","ocean_shortcode_after_header":"","ocean_has_shortcode":"","ocean_shortcode_after_title":"","ocean_shortcode_before_footer_widgets":"","ocean_shortcode_after_footer_widgets":"","ocean_shortcode_before_footer_bottom":"","ocean_shortcode_after_footer_bottom":"","ocean_display_top_bar":"default","ocean_display_header":"default","ocean_header_style":"","ocean_center_header_left_menu":"0","ocean_custom_header_template":"0","ocean_custom_logo":0,"ocean_custom_retina_logo":0,"ocean_custom_logo_max_width":0,"ocean_custom_logo_tablet_max_width":0,"ocean_custom_logo_mobile_max_width":0,"ocean_custom_logo_max_height":0,"ocean_custom_logo_tablet_max_height":0,"ocean_custom_logo_mobile_max_height":0,"ocean_header_custom_menu":"0","ocean_menu_typo_font_family":"0","ocean_menu_typo_font_subset":"","ocean_menu_typo_font_size":0,"ocean_menu_typo_font_size_tablet":0,"ocean_menu_typo_font_size_mobile":0,"ocean_menu_typo_font_size_unit":"px","ocean_menu_typo_font_weight":"","ocean_menu_typo_font_weight_tablet":"","ocean_menu_typo_font_weight_mobile":"","ocean_menu_typo_transform":"","ocean_menu_typo_transform_tablet":"","ocean_menu_typo_transform_mobile":"","ocean_menu_typo_line_height":0,"ocean_menu_typo_line_height_tablet":0,"ocean_menu_typo_line_height_mobile":0,"ocean_menu_typo_line_height_unit":"","ocean_menu_typo_spacing":0,"ocean_menu_typo_spacing_tablet":0,"ocean_menu_typo_spacing_mobile":0,"ocean_menu_typo_spacing_unit":"","ocean_menu_link_color":"","ocean_menu_link_color_hover":"","ocean_menu_link_color_active":"","ocean_menu_link_background":"","ocean_menu_link_hover_background":"","ocean_menu_link_active_background":"","ocean_menu_social_links_bg":"","ocean_menu_social_hover_links_bg":"","ocean_menu_social_links_color":"","ocean_menu_social_hover_links_color":"","ocean_disable_title":"default","ocean_disable_heading":"default","ocean_post_title":"","ocean_post_subheading":"","ocean_post_title_style":"","ocean_post_title_background_color":"","ocean_post_title_background":0,"ocean_post_title_bg_image_position":"","ocean_post_title_bg_image_attachment":"","ocean_post_title_bg_image_repeat":"","ocean_post_title_bg_image_size":"","ocean_post_title_height":0,"ocean_post_title_bg_overlay":0.5,"ocean_post_title_bg_overlay_color":"","ocean_disable_breadcrumbs":"default","ocean_breadcrumbs_color":"","ocean_breadcrumbs_separator_color":"","ocean_breadcrumbs_links_color":"","ocean_breadcrumbs_links_hover_color":"","ocean_display_footer_widgets":"default","ocean_display_footer_bottom":"default","ocean_custom_footer_template":"0","footnotes":""},"class_list":["post-154","page","type-page","status-publish","hentry","entry"],"_links":{"self":[{"href":"https:\/\/vsbruck-fischamenderstrasse.ac.at\/index.php?rest_route=\/wp\/v2\/pages\/154"}],"collection":[{"href":"https:\/\/vsbruck-fischamenderstrasse.ac.at\/index.php?rest_route=\/wp\/v2\/pages"}],"about":[{"href":"https:\/\/vsbruck-fischamenderstrasse.ac.at\/index.php?rest_route=\/wp\/v2\/types\/page"}],"author":[{"embeddable":true,"href":"https:\/\/vsbruck-fischamenderstrasse.ac.at\/index.php?rest_route=\/wp\/v2\/users\/2"}],"replies":[{"embeddable":true,"href":"https:\/\/vsbruck-fischamenderstrasse.ac.at\/index.php?rest_route=%2Fwp%2Fv2%2Fcomments&post=154"}],"version-history":[{"count":10,"href":"https:\/\/vsbruck-fischamenderstrasse.ac.at\/index.php?rest_route=\/wp\/v2\/pages\/154\/revisions"}],"predecessor-version":[{"id":424,"href":"https:\/\/vsbruck-fischamenderstrasse.ac.at\/index.php?rest_route=\/wp\/v2\/pages\/154\/revisions\/424"}],"wp:attachment":[{"href":"https:\/\/vsbruck-fischamenderstrasse.ac.at\/index.php?rest_route=%2Fwp%2Fv2%2Fmedia&parent=154"}],"curies":[{"name":"wp","href":"https:\/\/api.w.org\/{rel}","templated":true}]}}