{"id":20,"date":"2020-05-05T14:34:20","date_gmt":"2020-05-05T14:34:20","guid":{"rendered":"http:\/\/vsbruck-fischamenderstrasse.ac.at\/?page_id=20"},"modified":"2025-11-10T08:09:31","modified_gmt":"2025-11-10T08:09:31","slug":"startseite","status":"publish","type":"page","link":"https:\/\/vsbruck-fischamenderstrasse.ac.at\/","title":{"rendered":"Unsere Schule"},"content":{"rendered":"\t\t<div data-elementor-type=\"wp-page\" data-elementor-id=\"20\" class=\"elementor elementor-20\">\n\t\t\t\t\t\t\t\t\t<section class=\"elementor-section elementor-top-section elementor-element elementor-element-b3da54b elementor-section-boxed elementor-section-height-default elementor-section-height-default\" data-id=\"b3da54b\" data-element_type=\"section\">\n\t\t\t\t\t\t<div class=\"elementor-container elementor-column-gap-default\">\n\t\t\t\t\t<div class=\"elementor-column elementor-col-50 elementor-top-column elementor-element elementor-element-fb7a739\" data-id=\"fb7a739\" data-element_type=\"column\">\n\t\t\t<div class=\"elementor-widget-wrap elementor-element-populated\">\n\t\t\t\t\t\t\t\t<div class=\"elementor-element elementor-element-f2731c9 elementor-widget elementor-widget-heading\" data-id=\"f2731c9\" data-element_type=\"widget\" data-widget_type=\"heading.default\">\n\t\t\t\t<div class=\"elementor-widget-container\">\n\t\t\t<h2 class=\"elementor-heading-title elementor-size-large\">Informationen zum Schulalltag<\/h2>\t\t<\/div>\n\t\t\t\t<\/div>\n\t\t\t\t<div class=\"elementor-element elementor-element-274cbf4 elementor-widget elementor-widget-text-editor\" data-id=\"274cbf4\" data-element_type=\"widget\" data-widget_type=\"text-editor.default\">\n\t\t\t\t<div class=\"elementor-widget-container\">\n\t\t\t\t\t\t\t<p style=\"text-align: center;\"><span style=\"font-family: 'Source Sans Pro', sans-serif; font-size: 19px; font-style: normal; font-variant-caps: normal; letter-spacing: 0.2px;\">Wichtige Termine sowie aktuelle Informationen zum Schulalltag finden Sie hier: <\/span><a href=\"https:\/\/vsbruck-fischamenderstrasse.ac.at\/?page_id=27\">Termine \/ Aktuelles<\/a><\/p><p style=\"text-align: center;\">Erreichbarkeit der Direktion:<\/p><div><h1 style=\"font-variant-caps: normal; font-style: normal; letter-spacing: 0.2px; text-align: center;\"><span style=\"font-family: 'Source Sans Pro', sans-serif; font-size: 25px; font-weight: 600; letter-spacing: 0.2px;\">Telefonisch unter:\u00a0<strong style=\"font-size: 25px;\">0660\/923 6136\u00a0<\/strong><\/span><span style=\"font-family: 'Source Sans Pro', sans-serif; font-size: 25px; font-weight: 600; letter-spacing: 0.2px;\">und per Mail unter: s307031@noeschule.at<\/span><\/h1><p style=\"text-align: center;\"><span style=\"font-size: 25px;\"><span style=\"font-size: 19px;\">F\u00fcr pers\u00f6nliche Termine bitten wir um tel. Voranmeldung.<\/span><\/span><\/p><\/div>\t\t\t\t\t\t<\/div>\n\t\t\t\t<\/div>\n\t\t\t\t\t<\/div>\n\t\t<\/div>\n\t\t\t\t<div class=\"elementor-column elementor-col-25 elementor-top-column elementor-element elementor-element-a85b818\" data-id=\"a85b818\" data-element_type=\"column\">\n\t\t\t<div class=\"elementor-widget-wrap elementor-element-populated\">\n\t\t\t\t\t\t\t\t<div class=\"elementor-element elementor-element-6279f9b elementor-widget elementor-widget-text-editor\" data-id=\"6279f9b\" data-element_type=\"widget\" data-widget_type=\"text-editor.default\">\n\t\t\t\t<div class=\"elementor-widget-container\">\n\t\t\t\t\t\t\t<h2 class=\"elementor-heading-title elementor-size-default elementor-inline-editing pen\" style=\"font-variant-caps: normal; line-height: 1.4em; font-family: 'Source Sans Pro', sans-serif; font-style: normal; text-align: center;\" data-elementor-setting-key=\"title\" data-pen-placeholder=\"Eingabe hier...\"><span style=\"caret-color: #000000; font-size: 21px; letter-spacing: 0.2px;\">Willkommen in unserer Schule!<\/span><\/h2>\n<p style=\"font-weight: 400; text-align: center;\">Liebe Kinder, liebe Eltern!<\/p>\n<p style=\"font-weight: 400; text-align: center;\">Das Team der VS Fischamenderstra\u00dfe freut sich, euch auch im kommenden Schuljahr wieder in der Schule begr\u00fc\u00dfen zu d\u00fcrfen.<\/p>\n<p style=\"font-weight: 400; text-align: center;\">Unser Team stellt sich vor:<\/p>\n<p><a href=\"http:\/\/vsbruck-fischamenderstrasse.ac.at\/?attachment_id=1328\" rel=\"attachment wp-att-1328\"><img fetchpriority=\"high\" decoding=\"async\" class=\"alignnone wp-image-1328 size-large\" src=\"http:\/\/vsbruck-fischamenderstrasse.ac.at\/wp-content\/uploads\/2024\/08\/IMG_3193-3-1024x585.jpeg\" alt=\"\" width=\"1024\" height=\"585\" srcset=\"https:\/\/vsbruck-fischamenderstrasse.ac.at\/wp-content\/uploads\/2024\/08\/IMG_3193-3-1024x585.jpeg 1024w, https:\/\/vsbruck-fischamenderstrasse.ac.at\/wp-content\/uploads\/2024\/08\/IMG_3193-3-300x171.jpeg 300w, https:\/\/vsbruck-fischamenderstrasse.ac.at\/wp-content\/uploads\/2024\/08\/IMG_3193-3-768x439.jpeg 768w, https:\/\/vsbruck-fischamenderstrasse.ac.at\/wp-content\/uploads\/2024\/08\/IMG_3193-3-1536x877.jpeg 1536w, https:\/\/vsbruck-fischamenderstrasse.ac.at\/wp-content\/uploads\/2024\/08\/IMG_3193-3-2048x1170.jpeg 2048w\" sizes=\"(max-width: 1024px) 100vw, 1024px\" \/><\/a><\/p>\n<p><\/p>\n<p style=\"text-align: center;\"><a href=\"http:\/\/vsbruck-fischamenderstrasse.ac.at\/?page_id=121\">Direktion<\/a> und&nbsp;<a href=\"http:\/\/vsbruck-fischamenderstrasse.ac.at\/?page_id=124\">Lehrerteam<\/a><\/p>\n<p><img class=\"aligncenter\"><\/p>\t\t\t\t\t\t<\/div>\n\t\t\t\t<\/div>\n\t\t\t\t\t<\/div>\n\t\t<\/div>\n\t\t\t\t<div class=\"elementor-column elementor-col-25 elementor-top-column elementor-element elementor-element-1fa9588\" data-id=\"1fa9588\" data-element_type=\"column\">\n\t\t\t<div class=\"elementor-widget-wrap elementor-element-populated\">\n\t\t\t\t\t\t\t\t<div class=\"elementor-element elementor-element-90e3d3e elementor-widget__width-initial elementor-widget elementor-widget-heading\" data-id=\"90e3d3e\" data-element_type=\"widget\" data-widget_type=\"heading.default\">\n\t\t\t\t<div class=\"elementor-widget-container\">\n\t\t\t<h2 class=\"elementor-heading-title elementor-size-default\">Schuleinschreibung 2026\/27<\/h2>\t\t<\/div>\n\t\t\t\t<\/div>\n\t\t\t\t<div class=\"elementor-element elementor-element-8d678c7 elementor-widget__width-initial elementor-widget elementor-widget-text-editor\" data-id=\"8d678c7\" data-element_type=\"widget\" data-widget_type=\"text-editor.default\">\n\t\t\t\t<div class=\"elementor-widget-container\">\n\t\t\t\t\t\t\t<p><img decoding=\"async\" class=\"alignnone size-full wp-image-1471\" src=\"http:\/\/vsbruck-fischamenderstrasse.ac.at\/wp-content\/uploads\/2025\/11\/Bildschirmfoto-2025-11-10-um-08.52.46.png\" alt=\"\" width=\"1082\" height=\"1484\" srcset=\"https:\/\/vsbruck-fischamenderstrasse.ac.at\/wp-content\/uploads\/2025\/11\/Bildschirmfoto-2025-11-10-um-08.52.46.png 1082w, https:\/\/vsbruck-fischamenderstrasse.ac.at\/wp-content\/uploads\/2025\/11\/Bildschirmfoto-2025-11-10-um-08.52.46-219x300.png 219w, https:\/\/vsbruck-fischamenderstrasse.ac.at\/wp-content\/uploads\/2025\/11\/Bildschirmfoto-2025-11-10-um-08.52.46-747x1024.png 747w, https:\/\/vsbruck-fischamenderstrasse.ac.at\/wp-content\/uploads\/2025\/11\/Bildschirmfoto-2025-11-10-um-08.52.46-768x1053.png 768w\" sizes=\"(max-width: 1082px) 100vw, 1082px\" \/><\/p><p style=\"text-align: center;\"><a href=\"http:\/\/vsbruck-fischamenderstrasse.ac.at\/?page_id=487\">Formular Schuleinschreibung<\/a><\/p>\t\t\t\t\t\t<\/div>\n\t\t\t\t<\/div>\n\t\t\t\t\t<\/div>\n\t\t<\/div>\n\t\t\t\t\t\t\t<\/div>\n\t\t<\/section>\n\t\t\t\t<section class=\"elementor-section elementor-top-section elementor-element elementor-element-0422bbc elementor-section-boxed elementor-section-height-default elementor-section-height-default\" data-id=\"0422bbc\" data-element_type=\"section\">\n\t\t\t\t\t\t<div class=\"elementor-container elementor-column-gap-default\">\n\t\t\t\t\t<div class=\"elementor-column elementor-col-50 elementor-top-column elementor-element elementor-element-e6417b8\" data-id=\"e6417b8\" data-element_type=\"column\">\n\t\t\t<div class=\"elementor-widget-wrap elementor-element-populated\">\n\t\t\t\t\t\t\t\t<div class=\"elementor-element elementor-element-65b64d8 elementor-widget elementor-widget-heading\" data-id=\"65b64d8\" data-element_type=\"widget\" data-widget_type=\"heading.default\">\n\t\t\t\t<div class=\"elementor-widget-container\">\n\t\t\t<h2 class=\"elementor-heading-title elementor-size-default\">Wir geben Mobbing keine Chance<\/h2>\t\t<\/div>\n\t\t\t\t<\/div>\n\t\t\t\t<div class=\"elementor-element elementor-element-38ce3b5 elementor-widget elementor-widget-text-editor\" data-id=\"38ce3b5\" data-element_type=\"widget\" data-widget_type=\"text-editor.default\">\n\t\t\t\t<div class=\"elementor-widget-container\">\n\t\t\t\t\t\t\t<p><a href=\"http:\/\/www.schulen-l\u00f6sen-mobbing.at\"><img decoding=\"async\" class=\"alignnone size-medium wp-image-636 aligncenter\" src=\"http:\/\/vsbruck-fischamenderstrasse.ac.at\/wp-content\/uploads\/2021\/05\/Web-Zertifikat_Schule-300x300.jpg\" alt=\"\" width=\"300\" height=\"300\" srcset=\"https:\/\/vsbruck-fischamenderstrasse.ac.at\/wp-content\/uploads\/2021\/05\/Web-Zertifikat_Schule-300x300.jpg 300w, https:\/\/vsbruck-fischamenderstrasse.ac.at\/wp-content\/uploads\/2021\/05\/Web-Zertifikat_Schule-150x150.jpg 150w, https:\/\/vsbruck-fischamenderstrasse.ac.at\/wp-content\/uploads\/2021\/05\/Web-Zertifikat_Schule.jpg 709w\" sizes=\"(max-width: 300px) 100vw, 300px\" \/><\/a><\/p>\t\t\t\t\t\t<\/div>\n\t\t\t\t<\/div>\n\t\t\t\t\t<\/div>\n\t\t<\/div>\n\t\t\t\t<div class=\"elementor-column elementor-col-25 elementor-top-column elementor-element elementor-element-01434e7\" data-id=\"01434e7\" data-element_type=\"column\">\n\t\t\t<div class=\"elementor-widget-wrap elementor-element-populated\">\n\t\t\t\t\t\t\t\t<div class=\"elementor-element elementor-element-5f0691d elementor-widget elementor-widget-google_maps\" data-id=\"5f0691d\" data-element_type=\"widget\" data-widget_type=\"google_maps.default\">\n\t\t\t\t<div class=\"elementor-widget-container\">\n\t\t\t\t\t<div class=\"elementor-custom-embed\">\n\t\t\t<iframe loading=\"lazy\"\n\t\t\t\t\tsrc=\"https:\/\/maps.google.com\/maps?q=Fischamendertra%C3%9Fe%2045%2C%202460%20Bruck%20Leitha&#038;t=m&#038;z=12&#038;output=embed&#038;iwloc=near\"\n\t\t\t\t\ttitle=\"Fischamendertra\u00dfe 45, 2460 Bruck Leitha\"\n\t\t\t\t\taria-label=\"Fischamendertra\u00dfe 45, 2460 Bruck Leitha\"\n\t\t\t><\/iframe>\n\t\t<\/div>\n\t\t\t\t<\/div>\n\t\t\t\t<\/div>\n\t\t\t\t\t<\/div>\n\t\t<\/div>\n\t\t\t\t<div class=\"elementor-column elementor-col-25 elementor-top-column elementor-element elementor-element-e07d353\" data-id=\"e07d353\" data-element_type=\"column\">\n\t\t\t<div class=\"elementor-widget-wrap elementor-element-populated\">\n\t\t\t\t\t\t\t\t<div class=\"elementor-element elementor-element-1e07c3e elementor-widget elementor-widget-image\" data-id=\"1e07c3e\" data-element_type=\"widget\" data-widget_type=\"image.default\">\n\t\t\t\t<div class=\"elementor-widget-container\">\n\t\t\t\t\t\t\t\t\t\t\t\t\t\t\t<img loading=\"lazy\" decoding=\"async\" width=\"451\" height=\"512\" src=\"https:\/\/vsbruck-fischamenderstrasse.ac.at\/wp-content\/uploads\/2020\/08\/unnamed.jpg\" class=\"attachment-large size-large wp-image-211\" alt=\"\" srcset=\"https:\/\/vsbruck-fischamenderstrasse.ac.at\/wp-content\/uploads\/2020\/08\/unnamed.jpg 451w, https:\/\/vsbruck-fischamenderstrasse.ac.at\/wp-content\/uploads\/2020\/08\/unnamed-264x300.jpg 264w\" sizes=\"(max-width: 451px) 100vw, 451px\" \/>\t\t\t\t\t\t\t\t\t\t\t\t\t\t\t<\/div>\n\t\t\t\t<\/div>\n\t\t\t\t\t<\/div>\n\t\t<\/div>\n\t\t\t\t\t\t\t<\/div>\n\t\t<\/section>\n\t\t\t\t<section class=\"elementor-section elementor-top-section elementor-element elementor-element-f72aa95 elementor-section-boxed elementor-section-height-default elementor-section-height-default\" data-id=\"f72aa95\" data-element_type=\"section\">\n\t\t\t\t\t\t<div class=\"elementor-container elementor-column-gap-default\">\n\t\t\t\t\t<div class=\"elementor-column elementor-col-25 elementor-top-column elementor-element elementor-element-8f05452\" data-id=\"8f05452\" data-element_type=\"column\">\n\t\t\t<div class=\"elementor-widget-wrap elementor-element-populated\">\n\t\t\t\t\t\t\t\t<div class=\"elementor-element elementor-element-529387c elementor-widget elementor-widget-image\" data-id=\"529387c\" data-element_type=\"widget\" data-widget_type=\"image.default\">\n\t\t\t\t<div class=\"elementor-widget-container\">\n\t\t\t\t\t\t\t\t\t\t\t\t\t\t\t<img loading=\"lazy\" decoding=\"async\" width=\"1024\" height=\"768\" src=\"https:\/\/vsbruck-fischamenderstrasse.ac.at\/wp-content\/uploads\/2025\/11\/bc1f24ce-d8a2-4cdc-9a46-32574aa4beda-1024x768.jpg\" class=\"attachment-large size-large wp-image-1484\" alt=\"\" srcset=\"https:\/\/vsbruck-fischamenderstrasse.ac.at\/wp-content\/uploads\/2025\/11\/bc1f24ce-d8a2-4cdc-9a46-32574aa4beda-1024x768.jpg 1024w, https:\/\/vsbruck-fischamenderstrasse.ac.at\/wp-content\/uploads\/2025\/11\/bc1f24ce-d8a2-4cdc-9a46-32574aa4beda-300x225.jpg 300w, https:\/\/vsbruck-fischamenderstrasse.ac.at\/wp-content\/uploads\/2025\/11\/bc1f24ce-d8a2-4cdc-9a46-32574aa4beda-768x576.jpg 768w, https:\/\/vsbruck-fischamenderstrasse.ac.at\/wp-content\/uploads\/2025\/11\/bc1f24ce-d8a2-4cdc-9a46-32574aa4beda-1536x1152.jpg 1536w, https:\/\/vsbruck-fischamenderstrasse.ac.at\/wp-content\/uploads\/2025\/11\/bc1f24ce-d8a2-4cdc-9a46-32574aa4beda.jpg 1600w\" sizes=\"(max-width: 1024px) 100vw, 1024px\" \/>\t\t\t\t\t\t\t\t\t\t\t\t\t\t\t<\/div>\n\t\t\t\t<\/div>\n\t\t\t\t\t<\/div>\n\t\t<\/div>\n\t\t\t\t<div class=\"elementor-column elementor-col-25 elementor-top-column elementor-element elementor-element-2ba9a87\" data-id=\"2ba9a87\" data-element_type=\"column\">\n\t\t\t<div class=\"elementor-widget-wrap elementor-element-populated\">\n\t\t\t\t\t\t\t\t<div class=\"elementor-element elementor-element-fd43711 elementor-widget elementor-widget-text-editor\" data-id=\"fd43711\" data-element_type=\"widget\" data-widget_type=\"text-editor.default\">\n\t\t\t\t<div class=\"elementor-widget-container\">\n\t\t\t\t\t\t\t<p>Das Erntedankfest wurde auch heuer in allen Klassen gefeiert!<\/p><p>Gemeinsam teilen, essen und beten macht einfach Freude!<\/p>\t\t\t\t\t\t<\/div>\n\t\t\t\t<\/div>\n\t\t\t\t\t<\/div>\n\t\t<\/div>\n\t\t\t\t<div class=\"elementor-column elementor-col-25 elementor-top-column elementor-element elementor-element-f805d3c\" data-id=\"f805d3c\" data-element_type=\"column\">\n\t\t\t<div class=\"elementor-widget-wrap elementor-element-populated\">\n\t\t\t\t\t\t\t\t<div class=\"elementor-element elementor-element-3ff67cc elementor-widget elementor-widget-image\" data-id=\"3ff67cc\" data-element_type=\"widget\" data-widget_type=\"image.default\">\n\t\t\t\t<div class=\"elementor-widget-container\">\n\t\t\t\t\t\t\t\t\t\t\t\t\t\t\t<img loading=\"lazy\" decoding=\"async\" width=\"1024\" height=\"768\" src=\"https:\/\/vsbruck-fischamenderstrasse.ac.at\/wp-content\/uploads\/2025\/11\/b68eb50b-7b46-43d9-b7dd-d499ab74db43-1024x768.jpg\" class=\"attachment-large size-large wp-image-1485\" alt=\"\" srcset=\"https:\/\/vsbruck-fischamenderstrasse.ac.at\/wp-content\/uploads\/2025\/11\/b68eb50b-7b46-43d9-b7dd-d499ab74db43-1024x768.jpg 1024w, https:\/\/vsbruck-fischamenderstrasse.ac.at\/wp-content\/uploads\/2025\/11\/b68eb50b-7b46-43d9-b7dd-d499ab74db43-300x225.jpg 300w, https:\/\/vsbruck-fischamenderstrasse.ac.at\/wp-content\/uploads\/2025\/11\/b68eb50b-7b46-43d9-b7dd-d499ab74db43-768x576.jpg 768w, https:\/\/vsbruck-fischamenderstrasse.ac.at\/wp-content\/uploads\/2025\/11\/b68eb50b-7b46-43d9-b7dd-d499ab74db43-1536x1152.jpg 1536w, https:\/\/vsbruck-fischamenderstrasse.ac.at\/wp-content\/uploads\/2025\/11\/b68eb50b-7b46-43d9-b7dd-d499ab74db43.jpg 1600w\" sizes=\"(max-width: 1024px) 100vw, 1024px\" \/>\t\t\t\t\t\t\t\t\t\t\t\t\t\t\t<\/div>\n\t\t\t\t<\/div>\n\t\t\t\t\t<\/div>\n\t\t<\/div>\n\t\t\t\t<div class=\"elementor-column elementor-col-25 elementor-top-column elementor-element elementor-element-c1e8980\" data-id=\"c1e8980\" data-element_type=\"column\">\n\t\t\t<div class=\"elementor-widget-wrap elementor-element-populated\">\n\t\t\t\t\t\t\t\t<div class=\"elementor-element elementor-element-6cf8107 elementor-widget elementor-widget-image\" data-id=\"6cf8107\" data-element_type=\"widget\" data-widget_type=\"image.default\">\n\t\t\t\t<div class=\"elementor-widget-container\">\n\t\t\t\t\t\t\t\t\t\t\t\t\t\t\t<img loading=\"lazy\" decoding=\"async\" width=\"1024\" height=\"768\" src=\"https:\/\/vsbruck-fischamenderstrasse.ac.at\/wp-content\/uploads\/2025\/11\/3c0fcedc-4863-461b-8515-d938c34f2929-1024x768.jpg\" class=\"attachment-large size-large wp-image-1486\" alt=\"\" srcset=\"https:\/\/vsbruck-fischamenderstrasse.ac.at\/wp-content\/uploads\/2025\/11\/3c0fcedc-4863-461b-8515-d938c34f2929-1024x768.jpg 1024w, https:\/\/vsbruck-fischamenderstrasse.ac.at\/wp-content\/uploads\/2025\/11\/3c0fcedc-4863-461b-8515-d938c34f2929-300x225.jpg 300w, https:\/\/vsbruck-fischamenderstrasse.ac.at\/wp-content\/uploads\/2025\/11\/3c0fcedc-4863-461b-8515-d938c34f2929-768x576.jpg 768w, https:\/\/vsbruck-fischamenderstrasse.ac.at\/wp-content\/uploads\/2025\/11\/3c0fcedc-4863-461b-8515-d938c34f2929-1536x1152.jpg 1536w, https:\/\/vsbruck-fischamenderstrasse.ac.at\/wp-content\/uploads\/2025\/11\/3c0fcedc-4863-461b-8515-d938c34f2929.jpg 1600w\" sizes=\"(max-width: 1024px) 100vw, 1024px\" \/>\t\t\t\t\t\t\t\t\t\t\t\t\t\t\t<\/div>\n\t\t\t\t<\/div>\n\t\t\t\t\t<\/div>\n\t\t<\/div>\n\t\t\t\t\t\t\t<\/div>\n\t\t<\/section>\n\t\t\t\t<section class=\"elementor-section elementor-top-section elementor-element elementor-element-a183b23 elementor-section-boxed elementor-section-height-default elementor-section-height-default\" data-id=\"a183b23\" data-element_type=\"section\">\n\t\t\t\t\t\t<div class=\"elementor-container elementor-column-gap-default\">\n\t\t\t\t\t<div class=\"elementor-column elementor-col-66 elementor-top-column elementor-element elementor-element-d36108f\" data-id=\"d36108f\" data-element_type=\"column\">\n\t\t\t<div class=\"elementor-widget-wrap elementor-element-populated\">\n\t\t\t\t\t\t\t\t<div class=\"elementor-element elementor-element-33cbb24 elementor-widget elementor-widget-image\" data-id=\"33cbb24\" data-element_type=\"widget\" data-widget_type=\"image.default\">\n\t\t\t\t<div class=\"elementor-widget-container\">\n\t\t\t\t\t\t\t\t\t\t\t\t\t\t\t<img loading=\"lazy\" decoding=\"async\" width=\"300\" height=\"254\" src=\"https:\/\/vsbruck-fischamenderstrasse.ac.at\/wp-content\/uploads\/2025\/05\/PHOTO-2025-04-24-08-06-02-300x254.jpg\" class=\"attachment-medium size-medium wp-image-1385\" alt=\"\" srcset=\"https:\/\/vsbruck-fischamenderstrasse.ac.at\/wp-content\/uploads\/2025\/05\/PHOTO-2025-04-24-08-06-02-300x254.jpg 300w, https:\/\/vsbruck-fischamenderstrasse.ac.at\/wp-content\/uploads\/2025\/05\/PHOTO-2025-04-24-08-06-02-1024x866.jpg 1024w, https:\/\/vsbruck-fischamenderstrasse.ac.at\/wp-content\/uploads\/2025\/05\/PHOTO-2025-04-24-08-06-02-768x650.jpg 768w, https:\/\/vsbruck-fischamenderstrasse.ac.at\/wp-content\/uploads\/2025\/05\/PHOTO-2025-04-24-08-06-02.jpg 1536w\" sizes=\"(max-width: 300px) 100vw, 300px\" \/>\t\t\t\t\t\t\t\t\t\t\t\t\t\t\t<\/div>\n\t\t\t\t<\/div>\n\t\t\t\t\t<\/div>\n\t\t<\/div>\n\t\t\t\t<div class=\"elementor-column elementor-col-33 elementor-top-column elementor-element elementor-element-8ca9173\" data-id=\"8ca9173\" data-element_type=\"column\">\n\t\t\t<div class=\"elementor-widget-wrap elementor-element-populated\">\n\t\t\t\t\t\t\t\t<div class=\"elementor-element elementor-element-6452bd2 elementor-widget elementor-widget-text-editor\" data-id=\"6452bd2\" data-element_type=\"widget\" data-widget_type=\"text-editor.default\">\n\t\t\t\t<div class=\"elementor-widget-container\">\n\t\t\t\t\t\t\t<h1><span style=\"letter-spacing: 0.2px;\">Autofrei zur Schule<\/span><\/h1><p style=\"font-weight: 400; text-align: left;\">Ab sofort haben Sie als Eltern die M\u00f6glichkeit Ihre Kinder an der Elternhaltestelle in der Dr. Otto Tschadek-Stra\u00dfe aus- und einsteigen zu lassen.<\/p><p style=\"font-weight: 400; text-align: left;\">Dank des Mobilit\u00e4tsprojekts kommen unsere Sch\u00fclerinnen und Sch\u00fcler sicher und autofrei in die Schule.\u00a0<\/p><div>\u00a0<\/div>\t\t\t\t\t\t<\/div>\n\t\t\t\t<\/div>\n\t\t\t\t\t<\/div>\n\t\t<\/div>\n\t\t\t\t\t\t\t<\/div>\n\t\t<\/section>\n\t\t\t\t\t\t\t<\/div>\n\t\t","protected":false},"excerpt":{"rendered":"<p>Informationen zum Schulalltag Wichtige Termine sowie aktuelle Informationen zum Schulalltag finden Sie hier: Termine \/ Aktuelles Erreichbarkeit der Direktion: Telefonisch unter:\u00a00660\/923 6136\u00a0und per Mail unter: s307031@noeschule.at F\u00fcr pers\u00f6nliche Termine bitten wir um tel. Voranmeldung. Willkommen in unserer Schule! Liebe Kinder, liebe Eltern! Das Team der VS Fischamenderstra\u00dfe freut sich, euch auch im kommenden Schuljahr wieder [&hellip;]<\/p>\n","protected":false},"author":2,"featured_media":0,"parent":0,"menu_order":0,"comment_status":"closed","ping_status":"closed","template":"","meta":{"ocean_post_layout":"full-screen","ocean_both_sidebars_style":"","ocean_both_sidebars_content_width":0,"ocean_both_sidebars_sidebars_width":0,"ocean_sidebar":"0","ocean_second_sidebar":"0","ocean_disable_margins":"enable","ocean_add_body_class":"","ocean_shortcode_before_top_bar":"","ocean_shortcode_after_top_bar":"","ocean_shortcode_before_header":"","ocean_shortcode_after_header":"","ocean_has_shortcode":"","ocean_shortcode_after_title":"","ocean_shortcode_before_footer_widgets":"","ocean_shortcode_after_footer_widgets":"","ocean_shortcode_before_footer_bottom":"","ocean_shortcode_after_footer_bottom":"","ocean_display_top_bar":"on","ocean_display_header":"on","ocean_header_style":"minimal","ocean_center_header_left_menu":"0","ocean_custom_header_template":"0","ocean_custom_logo":0,"ocean_custom_retina_logo":0,"ocean_custom_logo_max_width":0,"ocean_custom_logo_tablet_max_width":0,"ocean_custom_logo_mobile_max_width":0,"ocean_custom_logo_max_height":0,"ocean_custom_logo_tablet_max_height":0,"ocean_custom_logo_mobile_max_height":0,"ocean_header_custom_menu":"0","ocean_menu_typo_font_family":"0","ocean_menu_typo_font_subset":"","ocean_menu_typo_font_size":0,"ocean_menu_typo_font_size_tablet":0,"ocean_menu_typo_font_size_mobile":0,"ocean_menu_typo_font_size_unit":"px","ocean_menu_typo_font_weight":"","ocean_menu_typo_font_weight_tablet":"","ocean_menu_typo_font_weight_mobile":"","ocean_menu_typo_transform":"","ocean_menu_typo_transform_tablet":"","ocean_menu_typo_transform_mobile":"","ocean_menu_typo_line_height":0,"ocean_menu_typo_line_height_tablet":0,"ocean_menu_typo_line_height_mobile":0,"ocean_menu_typo_line_height_unit":"","ocean_menu_typo_spacing":0,"ocean_menu_typo_spacing_tablet":0,"ocean_menu_typo_spacing_mobile":0,"ocean_menu_typo_spacing_unit":"","ocean_menu_link_color":"","ocean_menu_link_color_hover":"","ocean_menu_link_color_active":"","ocean_menu_link_background":"","ocean_menu_link_hover_background":"","ocean_menu_link_active_background":"","ocean_menu_social_links_bg":"","ocean_menu_social_hover_links_bg":"","ocean_menu_social_links_color":"","ocean_menu_social_hover_links_color":"","ocean_disable_title":"on","ocean_disable_heading":"default","ocean_post_title":"","ocean_post_subheading":"","ocean_post_title_style":"","ocean_post_title_background_color":"","ocean_post_title_background":0,"ocean_post_title_bg_image_position":"","ocean_post_title_bg_image_attachment":"","ocean_post_title_bg_image_repeat":"","ocean_post_title_bg_image_size":"","ocean_post_title_height":0,"ocean_post_title_bg_overlay":0.5,"ocean_post_title_bg_overlay_color":"","ocean_disable_breadcrumbs":"default","ocean_breadcrumbs_color":"","ocean_breadcrumbs_separator_color":"","ocean_breadcrumbs_links_color":"","ocean_breadcrumbs_links_hover_color":"","ocean_display_footer_widgets":"on","ocean_display_footer_bottom":"default","ocean_custom_footer_template":"0","footnotes":""},"class_list":["post-20","page","type-page","status-publish","hentry","entry"],"_links":{"self":[{"href":"https:\/\/vsbruck-fischamenderstrasse.ac.at\/index.php?rest_route=\/wp\/v2\/pages\/20"}],"collection":[{"href":"https:\/\/vsbruck-fischamenderstrasse.ac.at\/index.php?rest_route=\/wp\/v2\/pages"}],"about":[{"href":"https:\/\/vsbruck-fischamenderstrasse.ac.at\/index.php?rest_route=\/wp\/v2\/types\/page"}],"author":[{"embeddable":true,"href":"https:\/\/vsbruck-fischamenderstrasse.ac.at\/index.php?rest_route=\/wp\/v2\/users\/2"}],"replies":[{"embeddable":true,"href":"https:\/\/vsbruck-fischamenderstrasse.ac.at\/index.php?rest_route=%2Fwp%2Fv2%2Fcomments&post=20"}],"version-history":[{"count":448,"href":"https:\/\/vsbruck-fischamenderstrasse.ac.at\/index.php?rest_route=\/wp\/v2\/pages\/20\/revisions"}],"predecessor-version":[{"id":1489,"href":"https:\/\/vsbruck-fischamenderstrasse.ac.at\/index.php?rest_route=\/wp\/v2\/pages\/20\/revisions\/1489"}],"wp:attachment":[{"href":"https:\/\/vsbruck-fischamenderstrasse.ac.at\/index.php?rest_route=%2Fwp%2Fv2%2Fmedia&parent=20"}],"curies":[{"name":"wp","href":"https:\/\/api.w.org\/{rel}","templated":true}]}}