{"id":27,"date":"2020-05-05T14:42:35","date_gmt":"2020-05-05T14:42:35","guid":{"rendered":"http:\/\/vsbruck-fischamenderstrasse.ac.at\/?page_id=27"},"modified":"2025-08-25T08:42:33","modified_gmt":"2025-08-25T08:42:33","slug":"termine","status":"publish","type":"page","link":"https:\/\/vsbruck-fischamenderstrasse.ac.at\/?page_id=27","title":{"rendered":"Termine \/ Aktuelles"},"content":{"rendered":"\t\t<div data-elementor-type=\"wp-page\" data-elementor-id=\"27\" class=\"elementor elementor-27\">\n\t\t\t\t\t\t\t\t\t<section class=\"elementor-section elementor-top-section elementor-element elementor-element-d966bc2 elementor-section-boxed elementor-section-height-default elementor-section-height-default\" data-id=\"d966bc2\" data-element_type=\"section\">\n\t\t\t\t\t\t<div class=\"elementor-container elementor-column-gap-default\">\n\t\t\t\t\t<div class=\"elementor-column elementor-col-50 elementor-top-column elementor-element elementor-element-81aa2e2\" data-id=\"81aa2e2\" data-element_type=\"column\">\n\t\t\t<div class=\"elementor-widget-wrap elementor-element-populated\">\n\t\t\t\t\t\t\t\t<div class=\"elementor-element elementor-element-b0c5603 elementor-widget elementor-widget-text-editor\" data-id=\"b0c5603\" data-element_type=\"widget\" data-widget_type=\"text-editor.default\">\n\t\t\t\t<div class=\"elementor-widget-container\">\n\t\t\t\t\t\t\t<h1>Schulbeginn 2025\/26<\/h1><div><p>Wir starten am 1.9.2025 um 7:45h in unser neues Schuljahr!<\/p><\/div><div>Die Unterrichtszeiten der ersten Schulwoche entnehmen Sie bitte der Tabelle. Sie gelten f\u00fcr alle Klassen unserer Schule.<\/div><div>Den endg\u00fcltigen Stundenplan erh\u00e4lt Ihr Kind im Laufe der ersten Schulwoche von der jeweiligen Klassenlehrerin.<\/div><p>\u00a0<\/p><p>Das Team der VS Fischamenderstra\u00dfe freut sich auf einen tollen Start in ein aufregendes Schuljahr!<\/p><p>\u00a0<\/p><div><a href=\"http:\/\/vsbruck-fischamenderstrasse.ac.at\/?attachment_id=968\" rel=\"attachment wp-att-968\"><img fetchpriority=\"high\" decoding=\"async\" class=\"size-full wp-image-968 aligncenter\" src=\"http:\/\/vsbruck-fischamenderstrasse.ac.at\/wp-content\/uploads\/2022\/05\/images.png\" alt=\"\" width=\"285\" height=\"177\" \/><\/a><\/div><div>\u00a0<\/div>\t\t\t\t\t\t<\/div>\n\t\t\t\t<\/div>\n\t\t\t\t\t<\/div>\n\t\t<\/div>\n\t\t\t\t<div class=\"elementor-column elementor-col-50 elementor-top-column elementor-element elementor-element-c1b153c\" data-id=\"c1b153c\" data-element_type=\"column\">\n\t\t\t<div class=\"elementor-widget-wrap elementor-element-populated\">\n\t\t\t\t\t\t\t\t<div class=\"elementor-element elementor-element-c496688 elementor-widget elementor-widget-text-editor\" data-id=\"c496688\" data-element_type=\"widget\" data-widget_type=\"text-editor.default\">\n\t\t\t\t<div class=\"elementor-widget-container\">\n\t\t\t\t\t\t\t<table>\n<tbody>\n<tr>\n<td width=\"208\">\n<p>Montag, 01.09.2025<\/p>\n<\/td>\n<td width=\"136\">\n<p>7:45h \u2013 9:25h<\/p>\n<\/td>\n<\/tr>\n<tr>\n<td width=\"208\">\n<p>Dienstag, 02.09.2025<\/p>\n<\/td>\n<td width=\"136\">\n<p>7:45h \u2013 9:25h<\/p>\n<\/td>\n<\/tr>\n<tr>\n<td width=\"208\">\n<p>Mittwoch, 03.09.2025<\/p>\n<\/td>\n<td width=\"136\">\n<p>7:45h \u2013 10:30h<\/p>\n<\/td>\n<\/tr>\n<tr>\n<td width=\"208\">\n<p>Donnerstag, 04.09.2025<\/p>\n<\/td>\n<td width=\"136\">\n<p>7:45h \u2013 11:25h<\/p>\n<\/td>\n<\/tr>\n<tr>\n<td width=\"208\">\n<p>Freitag, 05.09.2025<\/p>\n<\/td>\n<td width=\"136\">\n<p>7:45h \u2013 11:25h<\/p>\n<\/td>\n<\/tr>\n<\/tbody>\n<\/table>\t\t\t\t\t\t<\/div>\n\t\t\t\t<\/div>\n\t\t\t\t\t<\/div>\n\t\t<\/div>\n\t\t\t\t\t\t\t<\/div>\n\t\t<\/section>\n\t\t\t\t<section class=\"elementor-section elementor-top-section elementor-element elementor-element-63b6d3d elementor-section-boxed elementor-section-height-default elementor-section-height-default\" data-id=\"63b6d3d\" data-element_type=\"section\">\n\t\t\t\t\t\t<div class=\"elementor-container elementor-column-gap-default\">\n\t\t\t\t\t<div class=\"elementor-column elementor-col-100 elementor-top-column elementor-element elementor-element-1a127af\" data-id=\"1a127af\" data-element_type=\"column\">\n\t\t\t<div class=\"elementor-widget-wrap elementor-element-populated\">\n\t\t\t\t\t\t\t\t<div class=\"elementor-element elementor-element-04c89f3 elementor-widget-divider--view-line elementor-widget elementor-widget-divider\" data-id=\"04c89f3\" data-element_type=\"widget\" data-widget_type=\"divider.default\">\n\t\t\t\t<div class=\"elementor-widget-container\">\n\t\t\t\t\t<div class=\"elementor-divider\">\n\t\t\t<span class=\"elementor-divider-separator\">\n\t\t\t\t\t\t<\/span>\n\t\t<\/div>\n\t\t\t\t<\/div>\n\t\t\t\t<\/div>\n\t\t\t\t\t<\/div>\n\t\t<\/div>\n\t\t\t\t\t\t\t<\/div>\n\t\t<\/section>\n\t\t\t\t<section class=\"elementor-section elementor-top-section elementor-element elementor-element-6beabe2 elementor-section-boxed elementor-section-height-default elementor-section-height-default\" data-id=\"6beabe2\" data-element_type=\"section\">\n\t\t\t\t\t\t<div class=\"elementor-container elementor-column-gap-default\">\n\t\t\t\t\t<div class=\"elementor-column elementor-col-50 elementor-top-column elementor-element elementor-element-809d232\" data-id=\"809d232\" data-element_type=\"column\">\n\t\t\t<div class=\"elementor-widget-wrap elementor-element-populated\">\n\t\t\t\t\t\t\t\t<div class=\"elementor-element elementor-element-a4dc725 elementor-widget elementor-widget-text-editor\" data-id=\"a4dc725\" data-element_type=\"widget\" data-widget_type=\"text-editor.default\">\n\t\t\t\t<div class=\"elementor-widget-container\">\n\t\t\t\t\t\t\t<h1>Feuchtblattern Schulbesuchsregelung<\/h1><p>Hier finden Sie alle relevanten Informationen zum Thema Feuchtblattern. Bitte beachten Sie die Schulbesuchsregelung im Falle einer Erkrankung Ihres Kindes.<\/p><p><a href=\"http:\/\/vsbruck-fischamenderstrasse.ac.at\/wp-content\/uploads\/2023\/01\/Feuchtblattern.pdf\">Feuchtblattern Informationsschreiben<\/a><\/p><p>\u00a0<\/p>\t\t\t\t\t\t<\/div>\n\t\t\t\t<\/div>\n\t\t\t\t\t<\/div>\n\t\t<\/div>\n\t\t\t\t<div class=\"elementor-column elementor-col-50 elementor-top-column elementor-element elementor-element-0730d78\" data-id=\"0730d78\" data-element_type=\"column\">\n\t\t\t<div class=\"elementor-widget-wrap elementor-element-populated\">\n\t\t\t\t\t\t\t\t<div class=\"elementor-element elementor-element-10bdf38 elementor-widget elementor-widget-spacer\" data-id=\"10bdf38\" data-element_type=\"widget\" data-widget_type=\"spacer.default\">\n\t\t\t\t<div class=\"elementor-widget-container\">\n\t\t\t\t\t<div class=\"elementor-spacer\">\n\t\t\t<div class=\"elementor-spacer-inner\"><\/div>\n\t\t<\/div>\n\t\t\t\t<\/div>\n\t\t\t\t<\/div>\n\t\t\t\t\t<\/div>\n\t\t<\/div>\n\t\t\t\t\t\t\t<\/div>\n\t\t<\/section>\n\t\t\t\t<section class=\"elementor-section elementor-top-section elementor-element elementor-element-e3b1b09 elementor-section-boxed elementor-section-height-default elementor-section-height-default\" data-id=\"e3b1b09\" data-element_type=\"section\">\n\t\t\t\t\t\t<div class=\"elementor-container elementor-column-gap-default\">\n\t\t\t\t\t<div class=\"elementor-column elementor-col-100 elementor-top-column elementor-element elementor-element-b215f15\" data-id=\"b215f15\" data-element_type=\"column\">\n\t\t\t<div class=\"elementor-widget-wrap elementor-element-populated\">\n\t\t\t\t\t\t\t\t<div class=\"elementor-element elementor-element-f9fdc60 elementor-widget-divider--view-line elementor-widget elementor-widget-divider\" data-id=\"f9fdc60\" data-element_type=\"widget\" data-widget_type=\"divider.default\">\n\t\t\t\t<div class=\"elementor-widget-container\">\n\t\t\t\t\t<div class=\"elementor-divider\">\n\t\t\t<span class=\"elementor-divider-separator\">\n\t\t\t\t\t\t<\/span>\n\t\t<\/div>\n\t\t\t\t<\/div>\n\t\t\t\t<\/div>\n\t\t\t\t\t<\/div>\n\t\t<\/div>\n\t\t\t\t\t\t\t<\/div>\n\t\t<\/section>\n\t\t\t\t<section class=\"elementor-section elementor-top-section elementor-element elementor-element-abe0c56 elementor-section-boxed elementor-section-height-default elementor-section-height-default\" data-id=\"abe0c56\" data-element_type=\"section\">\n\t\t\t\t\t\t<div class=\"elementor-container elementor-column-gap-default\">\n\t\t\t\t\t<div class=\"elementor-column elementor-col-33 elementor-top-column elementor-element elementor-element-cc1b4e8\" data-id=\"cc1b4e8\" data-element_type=\"column\">\n\t\t\t<div class=\"elementor-widget-wrap elementor-element-populated\">\n\t\t\t\t\t\t\t\t<div class=\"elementor-element elementor-element-c1fdebe elementor-widget elementor-widget-image\" data-id=\"c1fdebe\" data-element_type=\"widget\" data-widget_type=\"image.default\">\n\t\t\t\t<div class=\"elementor-widget-container\">\n\t\t\t\t\t\t\t\t\t\t\t\t\t\t\t<img decoding=\"async\" width=\"150\" height=\"150\" src=\"https:\/\/vsbruck-fischamenderstrasse.ac.at\/wp-content\/uploads\/2020\/08\/Kalender-150x150.jpg\" class=\"attachment-thumbnail size-thumbnail wp-image-398\" alt=\"\" \/>\t\t\t\t\t\t\t\t\t\t\t\t\t\t\t<\/div>\n\t\t\t\t<\/div>\n\t\t\t\t\t<\/div>\n\t\t<\/div>\n\t\t\t\t<div class=\"elementor-column elementor-col-66 elementor-top-column elementor-element elementor-element-5a71fcf\" data-id=\"5a71fcf\" data-element_type=\"column\">\n\t\t\t<div class=\"elementor-widget-wrap elementor-element-populated\">\n\t\t\t\t\t\t\t\t<div class=\"elementor-element elementor-element-54796fe elementor-widget elementor-widget-text-editor\" data-id=\"54796fe\" data-element_type=\"widget\" data-widget_type=\"text-editor.default\">\n\t\t\t\t<div class=\"elementor-widget-container\">\n\t\t\t\t\t\t\t<p>Die Klassenlehrerinnen informieren Sie via Schoolfox, sobald es Neuigkeiten gibt.<\/p>\t\t\t\t\t\t<\/div>\n\t\t\t\t<\/div>\n\t\t\t\t\t<\/div>\n\t\t<\/div>\n\t\t\t\t\t\t\t<\/div>\n\t\t<\/section>\n\t\t\t\t\t\t\t<\/div>\n\t\t","protected":false},"excerpt":{"rendered":"<p>Schulbeginn 2025\/26 Wir starten am 1.9.2025 um 7:45h in unser neues Schuljahr! Die Unterrichtszeiten der ersten Schulwoche entnehmen Sie bitte der Tabelle. Sie gelten f\u00fcr alle Klassen unserer Schule.Den endg\u00fcltigen Stundenplan erh\u00e4lt Ihr Kind im Laufe der ersten Schulwoche von der jeweiligen Klassenlehrerin. \u00a0 Das Team der VS Fischamenderstra\u00dfe freut sich auf einen tollen Start [&hellip;]<\/p>\n","protected":false},"author":2,"featured_media":0,"parent":0,"menu_order":0,"comment_status":"closed","ping_status":"closed","template":"","meta":{"ocean_post_layout":"","ocean_both_sidebars_style":"","ocean_both_sidebars_content_width":0,"ocean_both_sidebars_sidebars_width":0,"ocean_sidebar":"0","ocean_second_sidebar":"0","ocean_disable_margins":"enable","ocean_add_body_class":"","ocean_shortcode_before_top_bar":"","ocean_shortcode_after_top_bar":"","ocean_shortcode_before_header":"","ocean_shortcode_after_header":"","ocean_has_shortcode":"","ocean_shortcode_after_title":"","ocean_shortcode_before_footer_widgets":"","ocean_shortcode_after_footer_widgets":"","ocean_shortcode_before_footer_bottom":"","ocean_shortcode_after_footer_bottom":"","ocean_display_top_bar":"default","ocean_display_header":"default","ocean_header_style":"","ocean_center_header_left_menu":"0","ocean_custom_header_template":"0","ocean_custom_logo":0,"ocean_custom_retina_logo":0,"ocean_custom_logo_max_width":0,"ocean_custom_logo_tablet_max_width":0,"ocean_custom_logo_mobile_max_width":0,"ocean_custom_logo_max_height":0,"ocean_custom_logo_tablet_max_height":0,"ocean_custom_logo_mobile_max_height":0,"ocean_header_custom_menu":"0","ocean_menu_typo_font_family":"0","ocean_menu_typo_font_subset":"","ocean_menu_typo_font_size":0,"ocean_menu_typo_font_size_tablet":0,"ocean_menu_typo_font_size_mobile":0,"ocean_menu_typo_font_size_unit":"px","ocean_menu_typo_font_weight":"","ocean_menu_typo_font_weight_tablet":"","ocean_menu_typo_font_weight_mobile":"","ocean_menu_typo_transform":"","ocean_menu_typo_transform_tablet":"","ocean_menu_typo_transform_mobile":"","ocean_menu_typo_line_height":0,"ocean_menu_typo_line_height_tablet":0,"ocean_menu_typo_line_height_mobile":0,"ocean_menu_typo_line_height_unit":"","ocean_menu_typo_spacing":0,"ocean_menu_typo_spacing_tablet":0,"ocean_menu_typo_spacing_mobile":0,"ocean_menu_typo_spacing_unit":"","ocean_menu_link_color":"","ocean_menu_link_color_hover":"","ocean_menu_link_color_active":"","ocean_menu_link_background":"","ocean_menu_link_hover_background":"","ocean_menu_link_active_background":"","ocean_menu_social_links_bg":"","ocean_menu_social_hover_links_bg":"","ocean_menu_social_links_color":"","ocean_menu_social_hover_links_color":"","ocean_disable_title":"default","ocean_disable_heading":"default","ocean_post_title":"","ocean_post_subheading":"","ocean_post_title_style":"","ocean_post_title_background_color":"","ocean_post_title_background":0,"ocean_post_title_bg_image_position":"","ocean_post_title_bg_image_attachment":"","ocean_post_title_bg_image_repeat":"","ocean_post_title_bg_image_size":"","ocean_post_title_height":0,"ocean_post_title_bg_overlay":0.5,"ocean_post_title_bg_overlay_color":"","ocean_disable_breadcrumbs":"default","ocean_breadcrumbs_color":"","ocean_breadcrumbs_separator_color":"","ocean_breadcrumbs_links_color":"","ocean_breadcrumbs_links_hover_color":"","ocean_display_footer_widgets":"default","ocean_display_footer_bottom":"default","ocean_custom_footer_template":"0","footnotes":""},"class_list":["post-27","page","type-page","status-publish","hentry","entry"],"_links":{"self":[{"href":"https:\/\/vsbruck-fischamenderstrasse.ac.at\/index.php?rest_route=\/wp\/v2\/pages\/27"}],"collection":[{"href":"https:\/\/vsbruck-fischamenderstrasse.ac.at\/index.php?rest_route=\/wp\/v2\/pages"}],"about":[{"href":"https:\/\/vsbruck-fischamenderstrasse.ac.at\/index.php?rest_route=\/wp\/v2\/types\/page"}],"author":[{"embeddable":true,"href":"https:\/\/vsbruck-fischamenderstrasse.ac.at\/index.php?rest_route=\/wp\/v2\/users\/2"}],"replies":[{"embeddable":true,"href":"https:\/\/vsbruck-fischamenderstrasse.ac.at\/index.php?rest_route=%2Fwp%2Fv2%2Fcomments&post=27"}],"version-history":[{"count":82,"href":"https:\/\/vsbruck-fischamenderstrasse.ac.at\/index.php?rest_route=\/wp\/v2\/pages\/27\/revisions"}],"predecessor-version":[{"id":1440,"href":"https:\/\/vsbruck-fischamenderstrasse.ac.at\/index.php?rest_route=\/wp\/v2\/pages\/27\/revisions\/1440"}],"wp:attachment":[{"href":"https:\/\/vsbruck-fischamenderstrasse.ac.at\/index.php?rest_route=%2Fwp%2Fv2%2Fmedia&parent=27"}],"curies":[{"name":"wp","href":"https:\/\/api.w.org\/{rel}","templated":true}]}}